{"id":6386,"date":"2022-09-02T19:09:25","date_gmt":"2022-09-02T19:09:25","guid":{"rendered":"http:\/\/maderasmaguna.com\/maguna\/?post_type=product&#038;p=6386"},"modified":"2024-03-14T15:51:26","modified_gmt":"2024-03-14T15:51:26","slug":"varillas-de-quebracho-colorado-y-blanco","status":"publish","type":"product","link":"https:\/\/maderasmaguna.com\/maguna\/?product=varillas-de-quebracho-colorado-y-blanco","title":{"rendered":"VARILLAS DE QUEBRACHO COLORADO y BLANCO"},"content":{"rendered":"<p>Las varillas de quebracho colorado y blanco son piezas de madera utilizadas en la construcci\u00f3n y en la industria agr\u00edcola y ganadera. Est\u00e1n hechas a partir de la madera de los \u00e1rboles de quebracho, que son una especie originaria de Am\u00e9rica del Sur.<\/p>\n<p>Medios de Pago: Transferencia &#8211; Efectivo<\/p>\n<p>Email: <span data-sheets-value=\"{&quot;1&quot;:2,&quot;2&quot;:&quot;maguna.aserradero@gmail.com&quot;}\" data-sheets-userformat=\"{&quot;2&quot;:513,&quot;3&quot;:{&quot;1&quot;:0},&quot;12&quot;:0}\">maguna.aserradero@gmail.com<\/span><\/p>\n<p>ENV\u00cdOS DISPONIBLES A TODA ARGENTINA, CHILE, URUGUAY, BRASIL Y ECUADOR<\/p>\n","protected":false},"excerpt":{"rendered":"<p><strong>Presentaci\u00f3nes<\/strong><\/p>\n<p>Varillas Quebracho Blanco 11 x 1 \u00bd x<br \/>\n1,20m<br \/>\nVarillas Quebracho Colorado 11 x 1 \u00bd<br \/>\nx 1,20m<br \/>\nVarillas Quebracho Colorado 11 x 1 \u00bd<br \/>\nx 1,40m<\/p>\n<p>VENTA POR MAYOR<\/p>\n","protected":false},"featured_media":6387,"comment_status":"closed","ping_status":"closed","template":"","meta":{"_monsterinsights_skip_tracking":false,"_monsterinsights_sitenote_active":false,"_monsterinsights_sitenote_note":"","_monsterinsights_sitenote_category":0},"product_cat":[15],"product_tag":[],"_links":{"self":[{"href":"https:\/\/maderasmaguna.com\/maguna\/index.php?rest_route=\/wp\/v2\/product\/6386"}],"collection":[{"href":"https:\/\/maderasmaguna.com\/maguna\/index.php?rest_route=\/wp\/v2\/product"}],"about":[{"href":"https:\/\/maderasmaguna.com\/maguna\/index.php?rest_route=\/wp\/v2\/types\/product"}],"replies":[{"embeddable":true,"href":"https:\/\/maderasmaguna.com\/maguna\/index.php?rest_route=%2Fwp%2Fv2%2Fcomments&post=6386"}],"wp:featuredmedia":[{"embeddable":true,"href":"https:\/\/maderasmaguna.com\/maguna\/index.php?rest_route=\/wp\/v2\/media\/6387"}],"wp:attachment":[{"href":"https:\/\/maderasmaguna.com\/maguna\/index.php?rest_route=%2Fwp%2Fv2%2Fmedia&parent=6386"}],"wp:term":[{"taxonomy":"product_cat","embeddable":true,"href":"https:\/\/maderasmaguna.com\/maguna\/index.php?rest_route=%2Fwp%2Fv2%2Fproduct_cat&post=6386"},{"taxonomy":"product_tag","embeddable":true,"href":"https:\/\/maderasmaguna.com\/maguna\/index.php?rest_route=%2Fwp%2Fv2%2Fproduct_tag&post=6386"}],"curies":[{"name":"wp","href":"https:\/\/api.w.org\/{rel}","templated":true}]}}