{"id":6389,"date":"2022-09-02T19:12:03","date_gmt":"2022-09-02T19:12:03","guid":{"rendered":"http:\/\/maderasmaguna.com\/maguna\/?post_type=product&#038;p=6389"},"modified":"2024-03-14T15:50:55","modified_gmt":"2024-03-14T15:50:55","slug":"durmientes-de-quebracho-blanco","status":"publish","type":"product","link":"https:\/\/maderasmaguna.com\/maguna\/?product=durmientes-de-quebracho-blanco","title":{"rendered":"DURMIENTES DE QUEBRACHO BLANCO"},"content":{"rendered":"<p>Los durmientes de quebracho blanco son vigas de madera largas y pesadas que se utilizan como soporte en la construcci\u00f3n de v\u00edas f\u00e9rreas y puentes. Est\u00e1n hechos a partir de la madera del \u00e1rbol de quebracho blanco, que es una especie de \u00e1rbol originaria de Am\u00e9rica del Sur.<\/p>\n<p>Medios de Pago: Transferencia &#8211; Efectivo<\/p>\n<p>Email: <span data-sheets-value=\"{&quot;1&quot;:2,&quot;2&quot;:&quot;maguna.aserradero@gmail.com&quot;}\" data-sheets-userformat=\"{&quot;2&quot;:513,&quot;3&quot;:{&quot;1&quot;:0},&quot;12&quot;:0}\">maguna.aserradero@gmail.com<\/span><\/p>\n<p>ENV\u00cdOS DISPONIBLES A TODA ARGENTINA, CHILE, URUGUAY, BRASIL Y ECUADOR<\/p>\n","protected":false},"excerpt":{"rendered":"<p><strong>Presentaci\u00f3nes<\/strong><\/p>\n<p>2,70m &#8211; 2,50m &#8211; 2m<br \/>\n12x24cm y medidas especiales<\/p>\n<p>VENTA POR MAYOR<\/p>\n","protected":false},"featured_media":6648,"comment_status":"closed","ping_status":"closed","template":"","meta":{"_monsterinsights_skip_tracking":false,"_monsterinsights_sitenote_active":false,"_monsterinsights_sitenote_note":"","_monsterinsights_sitenote_category":0},"product_cat":[15],"product_tag":[],"_links":{"self":[{"href":"https:\/\/maderasmaguna.com\/maguna\/index.php?rest_route=\/wp\/v2\/product\/6389"}],"collection":[{"href":"https:\/\/maderasmaguna.com\/maguna\/index.php?rest_route=\/wp\/v2\/product"}],"about":[{"href":"https:\/\/maderasmaguna.com\/maguna\/index.php?rest_route=\/wp\/v2\/types\/product"}],"replies":[{"embeddable":true,"href":"https:\/\/maderasmaguna.com\/maguna\/index.php?rest_route=%2Fwp%2Fv2%2Fcomments&post=6389"}],"wp:featuredmedia":[{"embeddable":true,"href":"https:\/\/maderasmaguna.com\/maguna\/index.php?rest_route=\/wp\/v2\/media\/6648"}],"wp:attachment":[{"href":"https:\/\/maderasmaguna.com\/maguna\/index.php?rest_route=%2Fwp%2Fv2%2Fmedia&parent=6389"}],"wp:term":[{"taxonomy":"product_cat","embeddable":true,"href":"https:\/\/maderasmaguna.com\/maguna\/index.php?rest_route=%2Fwp%2Fv2%2Fproduct_cat&post=6389"},{"taxonomy":"product_tag","embeddable":true,"href":"https:\/\/maderasmaguna.com\/maguna\/index.php?rest_route=%2Fwp%2Fv2%2Fproduct_tag&post=6389"}],"curies":[{"name":"wp","href":"https:\/\/api.w.org\/{rel}","templated":true}]}}