{"id":6390,"date":"2022-09-02T19:12:31","date_gmt":"2022-09-02T19:12:31","guid":{"rendered":"http:\/\/maderasmaguna.com\/maguna\/?post_type=product&#038;p=6390"},"modified":"2024-03-14T15:50:53","modified_gmt":"2024-03-14T15:50:53","slug":"postes","status":"publish","type":"product","link":"https:\/\/maderasmaguna.com\/maguna\/?product=postes","title":{"rendered":"POSTES"},"content":{"rendered":"<p>Los postes de madera son estructuras verticales utilizadas como soporte en la construcci\u00f3n de cercas, puentes, estructuras de invernaderos, sistemas de iluminaci\u00f3n y muchas otras aplicaciones. Est\u00e1n hechos de diferentes tipos de madera (consultar las disponibles)<\/p>\n<p>Medios de Pago: Transferencia &#8211; Efectivo<\/p>\n<p>Email: <span data-sheets-value=\"{&quot;1&quot;:2,&quot;2&quot;:&quot;maguna.aserradero@gmail.com&quot;}\" data-sheets-userformat=\"{&quot;2&quot;:513,&quot;3&quot;:{&quot;1&quot;:0},&quot;12&quot;:0}\">maguna.aserradero@gmail.com<\/span><\/p>\n<p>ENV\u00cdOS DISPONIBLES A TODA ARGENTINA, CHILE, URUGUAY, BRASIL Y ECUADOR<\/p>\n","protected":false},"excerpt":{"rendered":"<p><strong>Presentaci\u00f3nes<\/strong><\/p>\n<p>Medidas est\u00e1ndar y medidas especiales<br \/>\n2 mts<br \/>\n2,70 mts<br \/>\n2,50 mts<br \/>\nPunta de diamante<\/p>\n<p>VENTA POR MAYOR<\/p>\n","protected":false},"featured_media":6527,"comment_status":"closed","ping_status":"closed","template":"","meta":{"_monsterinsights_skip_tracking":false,"_monsterinsights_sitenote_active":false,"_monsterinsights_sitenote_note":"","_monsterinsights_sitenote_category":0},"product_cat":[15],"product_tag":[],"_links":{"self":[{"href":"https:\/\/maderasmaguna.com\/maguna\/index.php?rest_route=\/wp\/v2\/product\/6390"}],"collection":[{"href":"https:\/\/maderasmaguna.com\/maguna\/index.php?rest_route=\/wp\/v2\/product"}],"about":[{"href":"https:\/\/maderasmaguna.com\/maguna\/index.php?rest_route=\/wp\/v2\/types\/product"}],"replies":[{"embeddable":true,"href":"https:\/\/maderasmaguna.com\/maguna\/index.php?rest_route=%2Fwp%2Fv2%2Fcomments&post=6390"}],"wp:featuredmedia":[{"embeddable":true,"href":"https:\/\/maderasmaguna.com\/maguna\/index.php?rest_route=\/wp\/v2\/media\/6527"}],"wp:attachment":[{"href":"https:\/\/maderasmaguna.com\/maguna\/index.php?rest_route=%2Fwp%2Fv2%2Fmedia&parent=6390"}],"wp:term":[{"taxonomy":"product_cat","embeddable":true,"href":"https:\/\/maderasmaguna.com\/maguna\/index.php?rest_route=%2Fwp%2Fv2%2Fproduct_cat&post=6390"},{"taxonomy":"product_tag","embeddable":true,"href":"https:\/\/maderasmaguna.com\/maguna\/index.php?rest_route=%2Fwp%2Fv2%2Fproduct_tag&post=6390"}],"curies":[{"name":"wp","href":"https:\/\/api.w.org\/{rel}","templated":true}]}}